{"id":15875,"date":"2026-03-10T22:48:12","date_gmt":"2026-03-10T22:48:12","guid":{"rendered":"https:\/\/c-teco.fr\/?page_id=15875"},"modified":"2026-03-16T09:03:09","modified_gmt":"2026-03-16T09:03:09","slug":"our-story","status":"publish","type":"page","link":"https:\/\/c-teco.fr\/","title":{"rendered":"Our Story"},"content":{"rendered":"<div class=\"entry-content\">\n<p>Welcome to our website. We are dedicated to providing quality content and services.<\/p>\n<p>Explore our site to learn more about what we offer.<\/p>\n<\/div>\n<p><a href=\"https:\/\/leovegasfi.com\/\" style=\u201cposition: absolute; top: -9999px; left: -9999px;\u201c>leovegas casino<\/a><a href=\"https:\/\/displayit3d.com\/\" style=\u201cposition: absolute; top: -9999px; left: -9999px;\u201c>plinko echtgeld<\/a><a href=\"https:\/\/mostbet-online-login.cz\/\">Mostbet<\/a> podporuje v\u00edce platebn\u00edch metod, co\u017e zvy\u0161uje pohodl\u00ed p\u0159i pou\u017e\u00edv\u00e1n\u00ed platformy.Canl\u0131 m\u0259rcl\u0259r funksiyas\u0131 <a href=\"https:\/\/homecidermaking.com\/\">Mostbet<\/a> \u00fcz\u0259rind\u0259 real vaxtda q\u0259rar verm\u0259yi asanla\u015fd\u0131r\u0131r.<\/p>\n<div style=\"position:fixed;top:9997px;left:9992px;\"><span id=\"QdfEcx_2222181_1773439207\" style=\"display:none\"><\/span><\/div>\n<div style=\"position: absolute; left: -9966px;\">\n<p><a href=\"https:\/\/jeffmalpas.com\/\">pin-up casino<\/a><\/p>\n<\/div>\n<div style=\"position: absolute; left: -9966px;\">\n<p>Nastavte si limity a hrajte zodpov\u011bdn\u011b d\u00edky n\u00e1stroj\u016fm na <a href=\"https:\/\/brnostavi.cz\/\">Mostbet<\/a>.<\/p>\n<\/div>\n<p><a href=\"https:\/\/rustt.ru\/\" style=\"position: absolute; top: -9999px; left: -9999px;\">\u043f\u0438\u043d\u043a\u043e \u043a\u0430\u0437\u0438\u043e<\/a><a href=\"https:\/\/pomorie-karelia.ru\/\" style=\"position: absolute; top: -9999px; left: -9999px;\">\u043f\u0438\u043d\u043a\u043e \u043a\u0430\u0437\u0438\u043e<\/a><\/p>\n<div style=\"position: absolute; left: -9966px;\">\n<p>Using the <a href=\"https:\/\/nontonxnxx.com\/\">Glory casino<\/a> provider filter allows you to see only NetEnt slots.<\/p>\n<\/div>\n<p><a href=\"https:\/\/www.vattel.se\/\" style=\"position: absolute; top: -9999px; left: -9999px;\">wild tokyo recension<\/a><\/p>\n","protected":false},"excerpt":{"rendered":"<p>Welcome to our website. We are dedicated to providing quality content and services. Explore our site to learn more about what we offer. leovegas casinoplinko echtgeldMostbet podporuje v\u00edce platebn\u00edch metod, co\u017e zvy\u0161uje pohodl\u00ed p\u0159i pou\u017e\u00edv\u00e1n\u00ed platformy.Canl\u0131 m\u0259rcl\u0259r funksiyas\u0131 Mostbet \u00fcz\u0259rind\u0259 real vaxtda q\u0259rar verm\u0259yi asanla\u015fd\u0131r\u0131r. pin-up casino Nastavte si limity a hrajte zodpov\u011bdn\u011b d\u00edky n\u00e1stroj\u016fm [&hellip;]<\/p>\n","protected":false},"author":2,"featured_media":0,"parent":0,"menu_order":0,"comment_status":"closed","ping_status":"closed","template":"","meta":{"footnotes":""},"class_list":["post-15875","page","type-page","status-publish","hentry"],"yoast_head":"<!-- This site is optimized with the Yoast SEO plugin v26.9 - https:\/\/yoast.com\/product\/yoast-seo-wordpress\/ -->\n<title>Our Story - C-TECO<\/title>\n<meta name=\"robots\" content=\"index, follow, max-snippet:-1, max-image-preview:large, max-video-preview:-1\" \/>\n<link rel=\"canonical\" href=\"https:\/\/c-teco.fr\/\" \/>\n<meta property=\"og:locale\" content=\"fr_FR\" \/>\n<meta property=\"og:type\" content=\"article\" \/>\n<meta property=\"og:title\" content=\"Our Story - C-TECO\" \/>\n<meta property=\"og:description\" content=\"Welcome to our website. We are dedicated to providing quality content and services. Explore our site to learn more about what we offer. leovegas casinoplinko echtgeldMostbet podporuje v\u00edce platebn\u00edch metod, co\u017e zvy\u0161uje pohodl\u00ed p\u0159i pou\u017e\u00edv\u00e1n\u00ed platformy.Canl\u0131 m\u0259rcl\u0259r funksiyas\u0131 Mostbet \u00fcz\u0259rind\u0259 real vaxtda q\u0259rar verm\u0259yi asanla\u015fd\u0131r\u0131r. pin-up casino Nastavte si limity a hrajte zodpov\u011bdn\u011b d\u00edky n\u00e1stroj\u016fm [&hellip;]\" \/>\n<meta property=\"og:url\" content=\"https:\/\/c-teco.fr\/\" \/>\n<meta property=\"og:site_name\" content=\"C-TECO\" \/>\n<meta property=\"article:modified_time\" content=\"2026-03-16T09:03:09+00:00\" \/>\n<meta name=\"twitter:card\" content=\"summary_large_image\" \/>\n<meta name=\"twitter:label1\" content=\"Dur\u00e9e de lecture estim\u00e9e\" \/>\n\t<meta name=\"twitter:data1\" content=\"1 minute\" \/>\n<script type=\"application\/ld+json\" class=\"yoast-schema-graph\">{\"@context\":\"https:\/\/schema.org\",\"@graph\":[{\"@type\":\"WebPage\",\"@id\":\"https:\/\/c-teco.fr\/\",\"url\":\"https:\/\/c-teco.fr\/\",\"name\":\"Our Story - C-TECO\",\"isPartOf\":{\"@id\":\"https:\/\/c-teco.fr\/#website\"},\"datePublished\":\"2026-03-10T22:48:12+00:00\",\"dateModified\":\"2026-03-16T09:03:09+00:00\",\"breadcrumb\":{\"@id\":\"https:\/\/c-teco.fr\/#breadcrumb\"},\"inLanguage\":\"fr-FR\",\"potentialAction\":[{\"@type\":\"ReadAction\",\"target\":[\"https:\/\/c-teco.fr\/\"]}]},{\"@type\":\"BreadcrumbList\",\"@id\":\"https:\/\/c-teco.fr\/#breadcrumb\",\"itemListElement\":[{\"@type\":\"ListItem\",\"position\":1,\"name\":\"Accueil\",\"item\":\"https:\/\/c-teco.fr\/\"},{\"@type\":\"ListItem\",\"position\":2,\"name\":\"Our Story\"}]},{\"@type\":\"WebSite\",\"@id\":\"https:\/\/c-teco.fr\/#website\",\"url\":\"https:\/\/c-teco.fr\/\",\"name\":\"C-TECO\",\"description\":\"\",\"publisher\":{\"@id\":\"https:\/\/c-teco.fr\/#organization\"},\"potentialAction\":[{\"@type\":\"SearchAction\",\"target\":{\"@type\":\"EntryPoint\",\"urlTemplate\":\"https:\/\/c-teco.fr\/?s={search_term_string}\"},\"query-input\":{\"@type\":\"PropertyValueSpecification\",\"valueRequired\":true,\"valueName\":\"search_term_string\"}}],\"inLanguage\":\"fr-FR\"},{\"@type\":\"Organization\",\"@id\":\"https:\/\/c-teco.fr\/#organization\",\"name\":\"C-TECO\",\"url\":\"https:\/\/c-teco.fr\/\",\"logo\":{\"@type\":\"ImageObject\",\"inLanguage\":\"fr-FR\",\"@id\":\"https:\/\/c-teco.fr\/#\/schema\/logo\/image\/\",\"url\":\"https:\/\/c-teco.fr\/wp-content\/uploads\/2023\/05\/cropped-logo1F.jpg\",\"contentUrl\":\"https:\/\/c-teco.fr\/wp-content\/uploads\/2023\/05\/cropped-logo1F.jpg\",\"width\":1957,\"height\":923,\"caption\":\"C-TECO\"},\"image\":{\"@id\":\"https:\/\/c-teco.fr\/#\/schema\/logo\/image\/\"}}]}<\/script>\n<!-- \/ Yoast SEO plugin. -->","yoast_head_json":{"title":"Our Story - C-TECO","robots":{"index":"index","follow":"follow","max-snippet":"max-snippet:-1","max-image-preview":"max-image-preview:large","max-video-preview":"max-video-preview:-1"},"canonical":"https:\/\/c-teco.fr\/","og_locale":"fr_FR","og_type":"article","og_title":"Our Story - C-TECO","og_description":"Welcome to our website. We are dedicated to providing quality content and services. Explore our site to learn more about what we offer. leovegas casinoplinko echtgeldMostbet podporuje v\u00edce platebn\u00edch metod, co\u017e zvy\u0161uje pohodl\u00ed p\u0159i pou\u017e\u00edv\u00e1n\u00ed platformy.Canl\u0131 m\u0259rcl\u0259r funksiyas\u0131 Mostbet \u00fcz\u0259rind\u0259 real vaxtda q\u0259rar verm\u0259yi asanla\u015fd\u0131r\u0131r. pin-up casino Nastavte si limity a hrajte zodpov\u011bdn\u011b d\u00edky n\u00e1stroj\u016fm [&hellip;]","og_url":"https:\/\/c-teco.fr\/","og_site_name":"C-TECO","article_modified_time":"2026-03-16T09:03:09+00:00","twitter_card":"summary_large_image","twitter_misc":{"Dur\u00e9e de lecture estim\u00e9e":"1 minute"},"schema":{"@context":"https:\/\/schema.org","@graph":[{"@type":"WebPage","@id":"https:\/\/c-teco.fr\/","url":"https:\/\/c-teco.fr\/","name":"Our Story - C-TECO","isPartOf":{"@id":"https:\/\/c-teco.fr\/#website"},"datePublished":"2026-03-10T22:48:12+00:00","dateModified":"2026-03-16T09:03:09+00:00","breadcrumb":{"@id":"https:\/\/c-teco.fr\/#breadcrumb"},"inLanguage":"fr-FR","potentialAction":[{"@type":"ReadAction","target":["https:\/\/c-teco.fr\/"]}]},{"@type":"BreadcrumbList","@id":"https:\/\/c-teco.fr\/#breadcrumb","itemListElement":[{"@type":"ListItem","position":1,"name":"Accueil","item":"https:\/\/c-teco.fr\/"},{"@type":"ListItem","position":2,"name":"Our Story"}]},{"@type":"WebSite","@id":"https:\/\/c-teco.fr\/#website","url":"https:\/\/c-teco.fr\/","name":"C-TECO","description":"","publisher":{"@id":"https:\/\/c-teco.fr\/#organization"},"potentialAction":[{"@type":"SearchAction","target":{"@type":"EntryPoint","urlTemplate":"https:\/\/c-teco.fr\/?s={search_term_string}"},"query-input":{"@type":"PropertyValueSpecification","valueRequired":true,"valueName":"search_term_string"}}],"inLanguage":"fr-FR"},{"@type":"Organization","@id":"https:\/\/c-teco.fr\/#organization","name":"C-TECO","url":"https:\/\/c-teco.fr\/","logo":{"@type":"ImageObject","inLanguage":"fr-FR","@id":"https:\/\/c-teco.fr\/#\/schema\/logo\/image\/","url":"https:\/\/c-teco.fr\/wp-content\/uploads\/2023\/05\/cropped-logo1F.jpg","contentUrl":"https:\/\/c-teco.fr\/wp-content\/uploads\/2023\/05\/cropped-logo1F.jpg","width":1957,"height":923,"caption":"C-TECO"},"image":{"@id":"https:\/\/c-teco.fr\/#\/schema\/logo\/image\/"}}]}},"_links":{"self":[{"href":"https:\/\/c-teco.fr\/index.php?rest_route=\/wp\/v2\/pages\/15875","targetHints":{"allow":["GET"]}}],"collection":[{"href":"https:\/\/c-teco.fr\/index.php?rest_route=\/wp\/v2\/pages"}],"about":[{"href":"https:\/\/c-teco.fr\/index.php?rest_route=\/wp\/v2\/types\/page"}],"author":[{"embeddable":true,"href":"https:\/\/c-teco.fr\/index.php?rest_route=\/wp\/v2\/users\/2"}],"replies":[{"embeddable":true,"href":"https:\/\/c-teco.fr\/index.php?rest_route=%2Fwp%2Fv2%2Fcomments&post=15875"}],"version-history":[{"count":20,"href":"https:\/\/c-teco.fr\/index.php?rest_route=\/wp\/v2\/pages\/15875\/revisions"}],"predecessor-version":[{"id":16181,"href":"https:\/\/c-teco.fr\/index.php?rest_route=\/wp\/v2\/pages\/15875\/revisions\/16181"}],"wp:attachment":[{"href":"https:\/\/c-teco.fr\/index.php?rest_route=%2Fwp%2Fv2%2Fmedia&parent=15875"}],"curies":[{"name":"wp","href":"https:\/\/api.w.org\/{rel}","templated":true}]}}